{"id":293,"date":"2022-03-30T10:20:29","date_gmt":"2022-03-30T10:20:29","guid":{"rendered":"https:\/\/gamingbezbarier.pl\/?page_id=293"},"modified":"2022-04-01T08:27:22","modified_gmt":"2022-04-01T08:27:22","slug":"playforbelarus","status":"publish","type":"page","link":"https:\/\/gamingbezbarier.pl\/en\/projects\/playforbelarus\/","title":{"rendered":"PlayForBelarus"},"content":{"rendered":"<p>[vc_row equal_height=&#8221;yes&#8221; content_placement=&#8221;middle&#8221;][vc_column width=&#8221;5\/12&#8243;][vc_column_text css=&#8221;.vc_custom_1648635430658{padding-bottom: 20px !important;}&#8221;]<\/p>\n<h1>#PlayForBelarus<\/h1>\n<p>[\/vc_column_text][vc_column_text css=&#8221;.vc_custom_1648801602573{padding-bottom: 30px !important;}&#8221; el_class=&#8221;relatywne opisek&#8221;]#PlayForBelarus was a bottom-up initiative of the esports community which, in a gesture of solidarity with the Belarusian nation, joined together to play in a charity tournament. Eight European teams took part in the tournament, representing the principles of healthy competition, in which mutual respect and fair-play principles are the overriding values. The tournament was held on September 21, on the International Day of Peace.[\/vc_column_text][vc_column_text css=&#8221;.vc_custom_1648801609010{padding-bottom: 30px !important;}&#8221; el_class=&#8221;relatywne liniau&#8221;]The tournament was accompanied by a charity collection for the Belarusian Home Foundation, which for many years has been supporting activities for democracy and human rights as well as the development of civil society in Belarus.[\/vc_column_text][\/vc_column][vc_column width=&#8221;7\/12&#8243;][vc_single_image image=&#8221;130&#8243; img_size=&#8221;full&#8221; alignment=&#8221;center&#8221; image_hovers=&#8221;false&#8221;][\/vc_column][\/vc_row][vc_row equal_height=&#8221;yes&#8221; content_placement=&#8221;bottom&#8221; css=&#8221;.vc_custom_1648634762803{margin-top: 40px !important;}&#8221;][vc_column width=&#8221;2\/3&#8243;]<div id=\"ultimate-video-882069e04e3fe97c5\" class=\"ult-video  vc_custom_1648639556671 ult-adjust-bottom-margin ultimate-video-882069e04e3fe97c5 ultv-4836 \"><div class=\"ultv-video ultv-aspect-ratio-4_3 ultv-subscribe-responsive-none\" data-videotype=\"uv_iframe\">\n\t\t\t\t\t\t<div class=\"ultv-video__outer-wrap\" data-autoplay=\"0\" data-device=\"false\"  data-iconbg=\"#3A3A3A\" data-overcolor=\"\" data-defaultbg=\"#1f1f1e\" data-defaultplay=\"defaulticon\"><div class=\"ultv-video__play\" data-src=\"https:\/\/www.youtube.com\/embed\/0vLZnZWYnU4?rel=0&amp;start&amp;end&amp;controls=1&amp;mute=0&amp;modestbranding=1&amp;autoplay=1\">\n\t\t\t\t\t\t\t\t<img class=\"ultv-video__thumb\" src=\"https:\/\/i.ytimg.com\/vi\/0vLZnZWYnU4\/hqdefault.jpg\"\/>\n\t\t\t\t\t\t\t\t<div class=\"ultv-video__play-icon  ultv-animation-none\" style=\"width:75px\"><svg height=\"100%\" version=\"1.1\" viewBox=\"0 0 68 48\" width=\"100%\"><path class=\"ultv-youtube-icon-bg\" d=\"m .66,37.62 c 0,0 .66,4.70 2.70,6.77 2.58,2.71 5.98,2.63 7.49,2.91 5.43,.52 23.10,.68 23.12,.68 .00,-1.3e-5 14.29,-0.02 23.81,-0.71 1.32,-0.15 4.22,-0.17 6.81,-2.89 2.03,-2.07 2.70,-6.77 2.70,-6.77 0,0 .67,-5.52 .67,-11.04 l 0,-5.17 c 0,-5.52 -0.67,-11.04 -0.67,-11.04 0,0 -0.66,-4.70 -2.70,-6.77 C 62.03,.86 59.13,.84 57.80,.69 48.28,0 34.00,0 34.00,0 33.97,0 19.69,0 10.18,.69 8.85,.84 5.95,.86 3.36,3.58 1.32,5.65 .66,10.35 .66,10.35 c 0,0 -0.55,4.50 -0.66,9.45 l 0,8.36 c .10,4.94 .66,9.45 .66,9.45 z\" fill=\"#1f1f1e\" ><\/path><path d=\"m 26.96,13.67 18.37,9.62 -18.37,9.55 -0.00,-19.17 z\" fill=\"#fff\"><\/path><path d=\"M 45.02,23.46 45.32,23.28 26.96,13.67 43.32,22.34 45.02,23.46 z\" fill=\"#ccc\"><\/path><\/svg><\/div> <\/div> <\/div><\/div><\/div>[\/vc_column][vc_column width=&#8221;1\/3&#8243;][vc_column_text css=&#8221;.vc_custom_1648801615738{padding-bottom: 30px !important;}&#8221; el_class=&#8221;relatywne liniau&#8221;]The #PlayForBelarus tournament was broadcasted in various languages, so that interested viewers from all over Europe could support the contribution. The prize pool of the tournament was 150,000 PLN. 50,000 PLN from this amount directly contributed to the collection for the Belarusian Home Foundation. The invited teams will compete for the remaining 100,000 PLN, of which the best four will be awarded.[\/vc_column_text][\/vc_column][\/vc_row][vc_row css=&#8221;.vc_custom_1648634767760{margin-top: 40px !important;}&#8221;][vc_column][vc_column_text css=&#8221;.vc_custom_1648801628110{padding-bottom: 30px !important;}&#8221; el_class=&#8221;relatywne&#8221;]<\/p>\n<h3>Effects?<\/h3>\n<p>The initiative was also supported by popular influencers associated with esports, gaming and those who are not indifferent to the fate of the Belarusian nation. Support for the action was expressed by Piotr &#8220;izak&#8221; Skowyrski, Jaros\u0142aw &#8220;pashaBiceps&#8221; Jarz\u0105bkowski, Pawe\u0142 &#8220;Saju&#8221; Pawelczak, Micha\u0142 &#8220;MICHU&#8221; Muller, Damian &#8220;Nervarien\u201d Ziaja and Krzysztof Golonka from the Trenuj z Krzychem channel.[\/vc_column_text][\/vc_column][\/vc_row]<\/p>\n","protected":false},"excerpt":{"rendered":"<p>[vc_row equal_height=&#8221;yes&#8221; content_placement=&#8221;middle&#8221;][vc_column width=&#8221;5\/12&#8243;][vc_column_text css=&#8221;.vc_custom_1648635430658{padding-bottom: 20px !important;}&#8221;] #PlayForBelarus [\/vc_column_text][vc_column_text css=&#8221;.vc_custom_1648801602573{padding-bottom: 30px !important;}&#8221; el_class=&#8221;relatywne opisek&#8221;]#PlayForBelarus was a bottom-up initiative of the esports community which, in a gesture of solidarity with the Belarusian nation, joined together to play in a charity tournament. Eight European teams took part in the tournament, representing the principles of healthy competition, in&hellip;<\/p>\n","protected":false},"author":1,"featured_media":0,"parent":274,"menu_order":0,"comment_status":"closed","ping_status":"closed","template":"","meta":{"inline_featured_image":false},"_links":{"self":[{"href":"https:\/\/gamingbezbarier.pl\/en\/wp-json\/wp\/v2\/pages\/293"}],"collection":[{"href":"https:\/\/gamingbezbarier.pl\/en\/wp-json\/wp\/v2\/pages"}],"about":[{"href":"https:\/\/gamingbezbarier.pl\/en\/wp-json\/wp\/v2\/types\/page"}],"author":[{"embeddable":true,"href":"https:\/\/gamingbezbarier.pl\/en\/wp-json\/wp\/v2\/users\/1"}],"replies":[{"embeddable":true,"href":"https:\/\/gamingbezbarier.pl\/en\/wp-json\/wp\/v2\/comments?post=293"}],"version-history":[{"count":2,"href":"https:\/\/gamingbezbarier.pl\/en\/wp-json\/wp\/v2\/pages\/293\/revisions"}],"predecessor-version":[{"id":295,"href":"https:\/\/gamingbezbarier.pl\/en\/wp-json\/wp\/v2\/pages\/293\/revisions\/295"}],"up":[{"embeddable":true,"href":"https:\/\/gamingbezbarier.pl\/en\/wp-json\/wp\/v2\/pages\/274"}],"wp:attachment":[{"href":"https:\/\/gamingbezbarier.pl\/en\/wp-json\/wp\/v2\/media?parent=293"}],"curies":[{"name":"wp","href":"https:\/\/api.w.org\/{rel}","templated":true}]}}